{"id":684,"date":"2024-03-07T10:52:01","date_gmt":"2024-03-07T10:52:01","guid":{"rendered":"https:\/\/dev-lascumbresapart.gnahs.com\/?page_id=684"},"modified":"2024-12-18T10:20:47","modified_gmt":"2024-12-18T09:20:47","slug":"aviso-legal","status":"publish","type":"page","link":"https:\/\/www.hotelrosalesneiva.com\/es\/aviso-legal\/","title":{"rendered":"Textos legales"},"content":{"rendered":"<style>.elementor-684 .elementor-element.elementor-element-391e829{--display:flex;--flex-direction:column;--container-widget-width:100%;--container-widget-height:initial;--container-widget-flex-grow:0;--container-widget-align-self:initial;--flex-wrap-mobile:wrap;--overlay-opacity:0.5;--margin-top:0px;--margin-bottom:0px;--margin-left:0px;--margin-right:0px;--padding-top:250px;--padding-bottom:200px;--padding-left:0px;--padding-right:0px;}.elementor-684 .elementor-element.elementor-element-391e829:not(.elementor-motion-effects-element-type-background), .elementor-684 .elementor-element.elementor-element-391e829 > .elementor-motion-effects-container > .elementor-motion-effects-layer{background-image:url(\"https:\/\/www.hotelrosalesneiva.com\/wp-content\/uploads\/2024\/12\/textos-legales-hotel-rosales-boutique-neiva-colombia-scaled.jpeg\");background-position:center center;background-repeat:no-repeat;background-size:cover;}.elementor-684 .elementor-element.elementor-element-391e829::before, .elementor-684 .elementor-element.elementor-element-391e829 > .elementor-background-video-container::before, .elementor-684 .elementor-element.elementor-element-391e829 > .e-con-inner > .elementor-background-video-container::before, .elementor-684 .elementor-element.elementor-element-391e829 > .elementor-background-slideshow::before, .elementor-684 .elementor-element.elementor-element-391e829 > .e-con-inner > .elementor-background-slideshow::before, .elementor-684 .elementor-element.elementor-element-391e829 > .elementor-motion-effects-container > .elementor-motion-effects-layer::before{background-color:transparent;--background-overlay:'';background-image:linear-gradient(180deg, var( --e-global-color-secondary ) 0%, var( --e-global-color-69e9066 ) 100%);}.elementor-684 .elementor-element.elementor-element-65252e79{text-align:center;}.elementor-684 .elementor-element.elementor-element-65252e79 .elementor-heading-title{font-family:var( --e-global-typography-secondary-font-family ), Sans-serif;font-size:var( --e-global-typography-secondary-font-size );font-weight:var( --e-global-typography-secondary-font-weight );text-decoration:var( --e-global-typography-secondary-text-decoration );line-height:var( --e-global-typography-secondary-line-height );color:var( --e-global-color-accent );}.elementor-684 .elementor-element.elementor-element-41191bc1 .elementor-icon-list-items:not(.elementor-inline-items) .elementor-icon-list-item:not(:last-child){padding-block-end:calc(15px\/2);}.elementor-684 .elementor-element.elementor-element-41191bc1 .elementor-icon-list-items:not(.elementor-inline-items) .elementor-icon-list-item:not(:first-child){margin-block-start:calc(15px\/2);}.elementor-684 .elementor-element.elementor-element-41191bc1 .elementor-icon-list-items.elementor-inline-items .elementor-icon-list-item{margin-inline:calc(15px\/2);}.elementor-684 .elementor-element.elementor-element-41191bc1 .elementor-icon-list-items.elementor-inline-items{margin-inline:calc(-15px\/2);}.elementor-684 .elementor-element.elementor-element-41191bc1 .elementor-icon-list-items.elementor-inline-items .elementor-icon-list-item:after{inset-inline-end:calc(-15px\/2);}.elementor-684 .elementor-element.elementor-element-41191bc1 .elementor-icon-list-icon i{color:var( --e-global-color-accent );transition:color 0.3s;}.elementor-684 .elementor-element.elementor-element-41191bc1 .elementor-icon-list-icon svg{fill:var( --e-global-color-accent );transition:fill 0.3s;}.elementor-684 .elementor-element.elementor-element-41191bc1{--e-icon-list-icon-size:16px;--e-icon-list-icon-align:left;--e-icon-list-icon-margin:0 calc(var(--e-icon-list-icon-size, 1em) * 0.25) 0 0;--icon-vertical-align:center;--icon-vertical-offset:0px;}.elementor-684 .elementor-element.elementor-element-41191bc1 .elementor-icon-list-icon{padding-inline-end:0px;}.elementor-684 .elementor-element.elementor-element-41191bc1 .elementor-icon-list-item > .elementor-icon-list-text, .elementor-684 .elementor-element.elementor-element-41191bc1 .elementor-icon-list-item > a{font-family:var( --e-global-typography-2564b5d-font-family ), Sans-serif;font-size:var( --e-global-typography-2564b5d-font-size );font-weight:var( --e-global-typography-2564b5d-font-weight );text-decoration:var( --e-global-typography-2564b5d-text-decoration );line-height:var( --e-global-typography-2564b5d-line-height );}.elementor-684 .elementor-element.elementor-element-41191bc1 .elementor-icon-list-text{color:var( --e-global-color-accent );transition:color 0.3s;}.elementor-684 .elementor-element.elementor-element-f8b95bd{--display:flex;--flex-direction:column;--container-widget-width:100%;--container-widget-height:initial;--container-widget-flex-grow:0;--container-widget-align-self:initial;--flex-wrap-mobile:wrap;--margin-top:100px;--margin-bottom:0px;--margin-left:0px;--margin-right:0px;--padding-top:100px;--padding-bottom:100px;--padding-left:0px;--padding-right:0px;}.elementor-684 .elementor-element.elementor-element-234be06{--display:flex;--padding-top:0px;--padding-bottom:0px;--padding-left:0px;--padding-right:0px;}.elementor-684 .elementor-element.elementor-element-8d67e4a{text-align:center;}.elementor-684 .elementor-element.elementor-element-8d67e4a .elementor-heading-title{font-family:var( --e-global-typography-34f5d1a-font-family ), Sans-serif;font-size:var( --e-global-typography-34f5d1a-font-size );font-weight:var( --e-global-typography-34f5d1a-font-weight );text-transform:var( --e-global-typography-34f5d1a-text-transform );text-decoration:var( --e-global-typography-34f5d1a-text-decoration );line-height:var( --e-global-typography-34f5d1a-line-height );letter-spacing:var( --e-global-typography-34f5d1a-letter-spacing );color:var( --e-global-color-primary );}.elementor-684 .elementor-element.elementor-element-35060b3{text-align:center;}.elementor-684 .elementor-element.elementor-element-35060b3 .elementor-heading-title{font-family:var( --e-global-typography-secondary-font-family ), Sans-serif;font-size:var( --e-global-typography-secondary-font-size );font-weight:var( --e-global-typography-secondary-font-weight );text-decoration:var( --e-global-typography-secondary-text-decoration );line-height:var( --e-global-typography-secondary-line-height );color:var( --e-global-color-secondary );}.elementor-684 .elementor-element.elementor-element-173c315{--display:flex;--margin-top:30px;--margin-bottom:0px;--margin-left:0px;--margin-right:0px;--padding-top:0px;--padding-bottom:0px;--padding-left:0px;--padding-right:0px;}:root{--page-title-display:none;}@media(max-width:1024px){.elementor-684 .elementor-element.elementor-element-65252e79 .elementor-heading-title{font-size:var( --e-global-typography-secondary-font-size );line-height:var( --e-global-typography-secondary-line-height );}.elementor-684 .elementor-element.elementor-element-41191bc1 .elementor-icon-list-item > .elementor-icon-list-text, .elementor-684 .elementor-element.elementor-element-41191bc1 .elementor-icon-list-item > a{font-size:var( --e-global-typography-2564b5d-font-size );line-height:var( --e-global-typography-2564b5d-line-height );}.elementor-684 .elementor-element.elementor-element-f8b95bd{--margin-top:100px;--margin-bottom:0px;--margin-left:0px;--margin-right:0px;--padding-top:50px;--padding-bottom:100px;--padding-left:20px;--padding-right:20px;}.elementor-684 .elementor-element.elementor-element-8d67e4a .elementor-heading-title{font-size:var( --e-global-typography-34f5d1a-font-size );line-height:var( --e-global-typography-34f5d1a-line-height );letter-spacing:var( --e-global-typography-34f5d1a-letter-spacing );}.elementor-684 .elementor-element.elementor-element-35060b3 .elementor-heading-title{font-size:var( --e-global-typography-secondary-font-size );line-height:var( --e-global-typography-secondary-line-height );}}@media(min-width:768px){.elementor-684 .elementor-element.elementor-element-391e829{--content-width:1290px;}.elementor-684 .elementor-element.elementor-element-f8b95bd{--content-width:1290px;}.elementor-684 .elementor-element.elementor-element-234be06{--content-width:1290px;}.elementor-684 .elementor-element.elementor-element-173c315{--content-width:1290px;}}@media(min-width:1025px){.elementor-684 .elementor-element.elementor-element-391e829:not(.elementor-motion-effects-element-type-background), .elementor-684 .elementor-element.elementor-element-391e829 > .elementor-motion-effects-container > .elementor-motion-effects-layer{background-attachment:fixed;}}@media(max-width:767px){.elementor-684 .elementor-element.elementor-element-391e829{--padding-top:250px;--padding-bottom:200px;--padding-left:20px;--padding-right:20px;}.elementor-684 .elementor-element.elementor-element-65252e79 .elementor-heading-title{font-size:var( --e-global-typography-secondary-font-size );line-height:var( --e-global-typography-secondary-line-height );}.elementor-684 .elementor-element.elementor-element-41191bc1 .elementor-icon-list-item > .elementor-icon-list-text, .elementor-684 .elementor-element.elementor-element-41191bc1 .elementor-icon-list-item > a{font-size:var( --e-global-typography-2564b5d-font-size );line-height:var( --e-global-typography-2564b5d-line-height );}.elementor-684 .elementor-element.elementor-element-f8b95bd{--margin-top:0px;--margin-bottom:0px;--margin-left:0px;--margin-right:0px;--padding-top:100px;--padding-bottom:100px;--padding-left:20px;--padding-right:20px;}.elementor-684 .elementor-element.elementor-element-8d67e4a .elementor-heading-title{font-size:var( --e-global-typography-34f5d1a-font-size );line-height:var( --e-global-typography-34f5d1a-line-height );letter-spacing:var( --e-global-typography-34f5d1a-letter-spacing );}.elementor-684 .elementor-element.elementor-element-35060b3 .elementor-heading-title{font-size:var( --e-global-typography-secondary-font-size );line-height:var( --e-global-typography-secondary-line-height );}.elementor-684 .elementor-element.elementor-element-173c315{--margin-top:20px;--margin-bottom:0px;--margin-left:0px;--margin-right:0px;}}<\/style>\t\t<div data-elementor-type=\"wp-page\" data-elementor-id=\"684\" class=\"elementor elementor-684\" data-elementor-post-type=\"page\">\n\t\t\t\t<div class=\"elementor-element elementor-element-391e829 e-flex e-con-boxed e-con e-parent\" data-id=\"391e829\" data-element_type=\"container\" data-settings=\"{&quot;background_background&quot;:&quot;classic&quot;}\">\n\t\t\t\t\t<div class=\"e-con-inner\">\n\t\t\t\t<div class=\"elementor-element elementor-element-65252e79 elementor-widget elementor-widget-heading\" data-id=\"65252e79\" data-element_type=\"widget\" data-widget_type=\"heading.default\">\n\t\t\t\t<div class=\"elementor-widget-container\">\n\t\t\t\t\t<div class=\"elementor-heading-title elementor-size-default\">Textos legales<\/div>\t\t\t\t<\/div>\n\t\t\t\t<\/div>\n\t\t\t\t<div class=\"elementor-element elementor-element-41191bc1 elementor-icon-list--layout-inline elementor-align-center elementor-list-item-link-full_width elementor-widget elementor-widget-icon-list\" data-id=\"41191bc1\" data-element_type=\"widget\" data-widget_type=\"icon-list.default\">\n\t\t\t\t<div class=\"elementor-widget-container\">\n\t\t\t\t\t\t\t<ul class=\"elementor-icon-list-items elementor-inline-items\">\n\t\t\t\t\t\t\t<li class=\"elementor-icon-list-item elementor-inline-item\">\n\t\t\t\t\t\t\t\t\t\t\t<a href=\"https:\/\/www.hotelrosalesneiva.com\">\n\n\t\t\t\t\t\t\t\t\t\t\t<span class=\"elementor-icon-list-text\">Home <\/span>\n\t\t\t\t\t\t\t\t\t\t\t<\/a>\n\t\t\t\t\t\t\t\t\t<\/li>\n\t\t\t\t\t\t\t\t<li class=\"elementor-icon-list-item elementor-inline-item\">\n\t\t\t\t\t\t\t\t\t\t\t<span class=\"elementor-icon-list-icon\">\n\t\t\t\t\t\t\t<svg aria-hidden=\"true\" class=\"e-font-icon-svg e-fas-chevron-right\" viewBox=\"0 0 320 512\" xmlns=\"http:\/\/www.w3.org\/2000\/svg\"><path d=\"M285.476 272.971L91.132 467.314c-9.373 9.373-24.569 9.373-33.941 0l-22.667-22.667c-9.357-9.357-9.375-24.522-.04-33.901L188.505 256 34.484 101.255c-9.335-9.379-9.317-24.544.04-33.901l22.667-22.667c9.373-9.373 24.569-9.373 33.941 0L285.475 239.03c9.373 9.372 9.373 24.568.001 33.941z\"><\/path><\/svg>\t\t\t\t\t\t<\/span>\n\t\t\t\t\t\t\t\t\t\t<span class=\"elementor-icon-list-text\">Textos legales<\/span>\n\t\t\t\t\t\t\t\t\t<\/li>\n\t\t\t\t\t\t<\/ul>\n\t\t\t\t\t\t<\/div>\n\t\t\t\t<\/div>\n\t\t\t\t\t<\/div>\n\t\t\t\t<\/div>\n\t\t<div class=\"elementor-element elementor-element-f8b95bd e-flex e-con-boxed e-con e-parent\" data-id=\"f8b95bd\" data-element_type=\"container\" data-settings=\"{&quot;motion_fx_motion_fx_scrolling&quot;:&quot;yes&quot;,&quot;motion_fx_translateY_effect&quot;:&quot;yes&quot;,&quot;motion_fx_devices&quot;:[&quot;desktop&quot;,&quot;tablet&quot;],&quot;motion_fx_translateY_speed&quot;:{&quot;unit&quot;:&quot;px&quot;,&quot;size&quot;:4,&quot;sizes&quot;:[]},&quot;motion_fx_translateY_affectedRange&quot;:{&quot;unit&quot;:&quot;%&quot;,&quot;size&quot;:&quot;&quot;,&quot;sizes&quot;:{&quot;start&quot;:0,&quot;end&quot;:100}}}\">\n\t\t\t\t\t<div class=\"e-con-inner\">\n\t\t<div class=\"elementor-element elementor-element-234be06 e-flex e-con-boxed e-con e-child\" data-id=\"234be06\" data-element_type=\"container\">\n\t\t\t\t\t<div class=\"e-con-inner\">\n\t\t\t\t<div class=\"elementor-element elementor-element-8d67e4a elementor-widget elementor-widget-heading\" data-id=\"8d67e4a\" data-element_type=\"widget\" data-widget_type=\"heading.default\">\n\t\t\t\t<div class=\"elementor-widget-container\">\n\t\t\t\t\t<div class=\"elementor-heading-title elementor-size-default\">Textos legales<\/div>\t\t\t\t<\/div>\n\t\t\t\t<\/div>\n\t\t\t\t<div class=\"elementor-element elementor-element-35060b3 elementor-widget elementor-widget-heading\" data-id=\"35060b3\" data-element_type=\"widget\" data-widget_type=\"heading.default\">\n\t\t\t\t<div class=\"elementor-widget-container\">\n\t\t\t\t\t<h1 class=\"elementor-heading-title elementor-size-default\">Aviso legal del Hotel Rosales Boutique<\/h1>\t\t\t\t<\/div>\n\t\t\t\t<\/div>\n\t\t\t\t\t<\/div>\n\t\t\t\t<\/div>\n\t\t<div class=\"elementor-element elementor-element-173c315 e-flex e-con-boxed e-con e-child\" data-id=\"173c315\" data-element_type=\"container\">\n\t\t\t\t\t<div class=\"e-con-inner\">\n\t\t\t\t<div class=\"elementor-element elementor-element-92132b6 elementor-widget elementor-widget-text-editor\" data-id=\"92132b6\" data-element_type=\"widget\" data-widget_type=\"text-editor.default\">\n\t\t\t\t<div class=\"elementor-widget-container\">\n\t\t\t\t\t\t\t\t\t<p align=\"justify\">En desarrollo al art\u00edculo 17 de la Ley 679 de 2001, el hotel comunica que la explotaci\u00f3n y el abuso sexual de ni\u00f1os, ni\u00f1as y adolescentes son sancionados penalmente, conforme a las leyes vigentes.<br \/><br \/>Los menores de edad pueden ingresar al hotel \u00fanicamente con un documento de identidad que evidencie el parentesco con el acompa\u00f1ante (tarjeta de identidad, comprobante de tr\u00e1mite de documento de identidad, registro civil o pasaporte).<\/p>\t\t\t\t\t\t\t\t<\/div>\n\t\t\t\t<\/div>\n\t\t\t\t\t<\/div>\n\t\t\t\t<\/div>\n\t\t\t\t\t<\/div>\n\t\t\t\t<\/div>\n\t\t\t\t<\/div>\n\t\t","protected":false},"excerpt":{"rendered":"<p>Textos legales Home Textos legales Textos legales Aviso legal del Hotel Rosales Boutique En desarrollo al art\u00edculo 17 de la Ley 679 de 2001, el hotel comunica que la explotaci\u00f3n y el abuso sexual de ni\u00f1os, ni\u00f1as y adolescentes son sancionados penalmente, conforme a las leyes vigentes. Los menores de edad pueden ingresar al hotel [&hellip;]<\/p>\n","protected":false},"author":4,"featured_media":0,"parent":0,"menu_order":92,"comment_status":"closed","ping_status":"closed","template":"","meta":{"footnotes":""},"class_list":["post-684","page","type-page","status-publish","hentry"],"yoast_head":"<!-- This site is optimized with the Yoast SEO plugin v26.3 - https:\/\/yoast.com\/wordpress\/plugins\/seo\/ -->\n<title>Aviso legal - Hotel Rosales Boutique, Neiva (Huila)<\/title>\n<meta name=\"description\" content=\"Visita el aviso legal de la web de Hotel Rosales Boutique y reserva tu alojamiento en el coraz\u00f3n de Neiva, Huila (Colombia).\" \/>\n<meta name=\"robots\" content=\"noindex, follow\" \/>\n<meta property=\"og:locale\" content=\"es_ES\" \/>\n<meta property=\"og:type\" content=\"article\" \/>\n<meta property=\"og:title\" content=\"Aviso legal - Hotel Rosales Boutique, Neiva (Huila)\" \/>\n<meta property=\"og:description\" content=\"Visita el aviso legal de la web de Hotel Rosales Boutique y reserva tu alojamiento en el coraz\u00f3n de Neiva, Huila (Colombia).\" \/>\n<meta property=\"og:url\" content=\"https:\/\/www.hotelrosalesneiva.com\/es\/aviso-legal\/\" \/>\n<meta property=\"og:site_name\" content=\"Hotel Rosales Boutique\" \/>\n<meta property=\"article:modified_time\" content=\"2024-12-18T09:20:47+00:00\" \/>\n<meta property=\"og:image\" content=\"https:\/\/www.hotelrosalesneiva.com\/wp-content\/uploads\/2024\/06\/piscina-fuente-hotel-rosales-boutique-neiva-colombia-1.jpg\" \/>\n\t<meta property=\"og:image:width\" content=\"800\" \/>\n\t<meta property=\"og:image:height\" content=\"504\" \/>\n\t<meta property=\"og:image:type\" content=\"image\/jpeg\" \/>\n<meta name=\"twitter:card\" content=\"summary_large_image\" \/>\n<meta name=\"twitter:label1\" content=\"Tiempo de lectura\" \/>\n\t<meta name=\"twitter:data1\" content=\"1 minuto\" \/>\n<script type=\"application\/ld+json\" class=\"yoast-schema-graph\">{\"@context\":\"https:\/\/schema.org\",\"@graph\":[{\"@type\":\"WebPage\",\"@id\":\"https:\/\/www.hotelrosalesneiva.com\/es\/aviso-legal\/\",\"url\":\"https:\/\/www.hotelrosalesneiva.com\/es\/aviso-legal\/\",\"name\":\"Aviso legal - Hotel Rosales Boutique, Neiva (Huila)\",\"isPartOf\":{\"@id\":\"https:\/\/www.hotelrosalesneiva.com\/es\/#website\"},\"datePublished\":\"2024-03-07T10:52:01+00:00\",\"dateModified\":\"2024-12-18T09:20:47+00:00\",\"description\":\"Visita el aviso legal de la web de Hotel Rosales Boutique y reserva tu alojamiento en el coraz\u00f3n de Neiva, Huila (Colombia).\",\"breadcrumb\":{\"@id\":\"https:\/\/www.hotelrosalesneiva.com\/es\/aviso-legal\/#breadcrumb\"},\"inLanguage\":\"es\",\"potentialAction\":[{\"@type\":\"ReadAction\",\"target\":[\"https:\/\/www.hotelrosalesneiva.com\/es\/aviso-legal\/\"]}]},{\"@type\":\"BreadcrumbList\",\"@id\":\"https:\/\/www.hotelrosalesneiva.com\/es\/aviso-legal\/#breadcrumb\",\"itemListElement\":[{\"@type\":\"ListItem\",\"position\":1,\"name\":\"Home\",\"item\":\"https:\/\/www.hotelrosalesneiva.com\/es\/\"},{\"@type\":\"ListItem\",\"position\":2,\"name\":\"Textos legales\"}]},{\"@type\":\"WebSite\",\"@id\":\"https:\/\/www.hotelrosalesneiva.com\/es\/#website\",\"url\":\"https:\/\/www.hotelrosalesneiva.com\/es\/\",\"name\":\"Hotel Rosales Boutique\",\"description\":\"\",\"publisher\":{\"@id\":\"https:\/\/www.hotelrosalesneiva.com\/es\/#organization\"},\"potentialAction\":[{\"@type\":\"SearchAction\",\"target\":{\"@type\":\"EntryPoint\",\"urlTemplate\":\"https:\/\/www.hotelrosalesneiva.com\/es\/?s={search_term_string}\"},\"query-input\":{\"@type\":\"PropertyValueSpecification\",\"valueRequired\":true,\"valueName\":\"search_term_string\"}}],\"inLanguage\":\"es\"},{\"@type\":\"Organization\",\"@id\":\"https:\/\/www.hotelrosalesneiva.com\/es\/#organization\",\"name\":\"Hotel Rosales Boutique\",\"url\":\"https:\/\/www.hotelrosalesneiva.com\/es\/\",\"logo\":{\"@type\":\"ImageObject\",\"inLanguage\":\"es\",\"@id\":\"https:\/\/www.hotelrosalesneiva.com\/es\/#\/schema\/logo\/image\/\",\"url\":\"https:\/\/www.hotelrosalesneiva.com\/wp-content\/uploads\/2024\/02\/logo-rosales.svg\",\"contentUrl\":\"https:\/\/www.hotelrosalesneiva.com\/wp-content\/uploads\/2024\/02\/logo-rosales.svg\",\"width\":487,\"height\":351,\"caption\":\"Hotel Rosales Boutique\"},\"image\":{\"@id\":\"https:\/\/www.hotelrosalesneiva.com\/es\/#\/schema\/logo\/image\/\"}}]}<\/script>\n<!-- \/ Yoast SEO plugin. -->","yoast_head_json":{"title":"Aviso legal - Hotel Rosales Boutique, Neiva (Huila)","description":"Visita el aviso legal de la web de Hotel Rosales Boutique y reserva tu alojamiento en el coraz\u00f3n de Neiva, Huila (Colombia).","robots":{"index":"noindex","follow":"follow"},"og_locale":"es_ES","og_type":"article","og_title":"Aviso legal - Hotel Rosales Boutique, Neiva (Huila)","og_description":"Visita el aviso legal de la web de Hotel Rosales Boutique y reserva tu alojamiento en el coraz\u00f3n de Neiva, Huila (Colombia).","og_url":"https:\/\/www.hotelrosalesneiva.com\/es\/aviso-legal\/","og_site_name":"Hotel Rosales Boutique","article_modified_time":"2024-12-18T09:20:47+00:00","og_image":[{"width":800,"height":504,"url":"https:\/\/www.hotelrosalesneiva.com\/wp-content\/uploads\/2024\/06\/piscina-fuente-hotel-rosales-boutique-neiva-colombia-1.jpg","type":"image\/jpeg"}],"twitter_card":"summary_large_image","twitter_misc":{"Tiempo de lectura":"1 minuto"},"schema":{"@context":"https:\/\/schema.org","@graph":[{"@type":"WebPage","@id":"https:\/\/www.hotelrosalesneiva.com\/es\/aviso-legal\/","url":"https:\/\/www.hotelrosalesneiva.com\/es\/aviso-legal\/","name":"Aviso legal - Hotel Rosales Boutique, Neiva (Huila)","isPartOf":{"@id":"https:\/\/www.hotelrosalesneiva.com\/es\/#website"},"datePublished":"2024-03-07T10:52:01+00:00","dateModified":"2024-12-18T09:20:47+00:00","description":"Visita el aviso legal de la web de Hotel Rosales Boutique y reserva tu alojamiento en el coraz\u00f3n de Neiva, Huila (Colombia).","breadcrumb":{"@id":"https:\/\/www.hotelrosalesneiva.com\/es\/aviso-legal\/#breadcrumb"},"inLanguage":"es","potentialAction":[{"@type":"ReadAction","target":["https:\/\/www.hotelrosalesneiva.com\/es\/aviso-legal\/"]}]},{"@type":"BreadcrumbList","@id":"https:\/\/www.hotelrosalesneiva.com\/es\/aviso-legal\/#breadcrumb","itemListElement":[{"@type":"ListItem","position":1,"name":"Home","item":"https:\/\/www.hotelrosalesneiva.com\/es\/"},{"@type":"ListItem","position":2,"name":"Textos legales"}]},{"@type":"WebSite","@id":"https:\/\/www.hotelrosalesneiva.com\/es\/#website","url":"https:\/\/www.hotelrosalesneiva.com\/es\/","name":"Hotel Rosales Boutique","description":"","publisher":{"@id":"https:\/\/www.hotelrosalesneiva.com\/es\/#organization"},"potentialAction":[{"@type":"SearchAction","target":{"@type":"EntryPoint","urlTemplate":"https:\/\/www.hotelrosalesneiva.com\/es\/?s={search_term_string}"},"query-input":{"@type":"PropertyValueSpecification","valueRequired":true,"valueName":"search_term_string"}}],"inLanguage":"es"},{"@type":"Organization","@id":"https:\/\/www.hotelrosalesneiva.com\/es\/#organization","name":"Hotel Rosales Boutique","url":"https:\/\/www.hotelrosalesneiva.com\/es\/","logo":{"@type":"ImageObject","inLanguage":"es","@id":"https:\/\/www.hotelrosalesneiva.com\/es\/#\/schema\/logo\/image\/","url":"https:\/\/www.hotelrosalesneiva.com\/wp-content\/uploads\/2024\/02\/logo-rosales.svg","contentUrl":"https:\/\/www.hotelrosalesneiva.com\/wp-content\/uploads\/2024\/02\/logo-rosales.svg","width":487,"height":351,"caption":"Hotel Rosales Boutique"},"image":{"@id":"https:\/\/www.hotelrosalesneiva.com\/es\/#\/schema\/logo\/image\/"}}]}},"_links":{"self":[{"href":"https:\/\/www.hotelrosalesneiva.com\/es\/wp-json\/wp\/v2\/pages\/684","targetHints":{"allow":["GET"]}}],"collection":[{"href":"https:\/\/www.hotelrosalesneiva.com\/es\/wp-json\/wp\/v2\/pages"}],"about":[{"href":"https:\/\/www.hotelrosalesneiva.com\/es\/wp-json\/wp\/v2\/types\/page"}],"author":[{"embeddable":true,"href":"https:\/\/www.hotelrosalesneiva.com\/es\/wp-json\/wp\/v2\/users\/4"}],"replies":[{"embeddable":true,"href":"https:\/\/www.hotelrosalesneiva.com\/es\/wp-json\/wp\/v2\/comments?post=684"}],"version-history":[{"count":48,"href":"https:\/\/www.hotelrosalesneiva.com\/es\/wp-json\/wp\/v2\/pages\/684\/revisions"}],"predecessor-version":[{"id":4822,"href":"https:\/\/www.hotelrosalesneiva.com\/es\/wp-json\/wp\/v2\/pages\/684\/revisions\/4822"}],"wp:attachment":[{"href":"https:\/\/www.hotelrosalesneiva.com\/es\/wp-json\/wp\/v2\/media?parent=684"}],"curies":[{"name":"wp","href":"https:\/\/api.w.org\/{rel}","templated":true}]}}