{"id":4038,"date":"2024-06-13T17:22:51","date_gmt":"2024-06-13T15:22:51","guid":{"rendered":"https:\/\/dev-rosalesneiva.gnahs.com\/?page_id=4038"},"modified":"2025-01-14T16:57:05","modified_gmt":"2025-01-14T15:57:05","slug":"quienes-somos","status":"publish","type":"page","link":"https:\/\/www.hotelrosalesneiva.com\/es\/quienes-somos\/","title":{"rendered":"Qui\u00e9nes somos"},"content":{"rendered":"<style>.elementor-4038 .elementor-element.elementor-element-47fa7108{--display:flex;--flex-direction:column;--container-widget-width:100%;--container-widget-height:initial;--container-widget-flex-grow:0;--container-widget-align-self:initial;--flex-wrap-mobile:wrap;--overlay-opacity:0.5;--margin-top:0px;--margin-bottom:0px;--margin-left:0px;--margin-right:0px;--padding-top:250px;--padding-bottom:200px;--padding-left:0px;--padding-right:0px;}.elementor-4038 .elementor-element.elementor-element-47fa7108:not(.elementor-motion-effects-element-type-background), .elementor-4038 .elementor-element.elementor-element-47fa7108 > .elementor-motion-effects-container > .elementor-motion-effects-layer{background-image:url(\"https:\/\/www.hotelrosalesneiva.com\/wp-content\/uploads\/2024\/12\/fachada-hotel-rosales-neiva-colombia-e1733741065523.jpg\");background-position:bottom center;background-size:cover;}.elementor-4038 .elementor-element.elementor-element-47fa7108::before, .elementor-4038 .elementor-element.elementor-element-47fa7108 > .elementor-background-video-container::before, .elementor-4038 .elementor-element.elementor-element-47fa7108 > .e-con-inner > .elementor-background-video-container::before, .elementor-4038 .elementor-element.elementor-element-47fa7108 > .elementor-background-slideshow::before, .elementor-4038 .elementor-element.elementor-element-47fa7108 > .e-con-inner > .elementor-background-slideshow::before, .elementor-4038 .elementor-element.elementor-element-47fa7108 > .elementor-motion-effects-container > .elementor-motion-effects-layer::before{background-color:transparent;--background-overlay:'';background-image:linear-gradient(180deg, var( --e-global-color-secondary ) 0%, var( --e-global-color-69e9066 ) 100%);}.elementor-4038 .elementor-element.elementor-element-2980475{text-align:center;}.elementor-4038 .elementor-element.elementor-element-2980475 .elementor-heading-title{font-family:var( --e-global-typography-secondary-font-family ), Sans-serif;font-size:var( --e-global-typography-secondary-font-size );font-weight:var( --e-global-typography-secondary-font-weight );text-decoration:var( --e-global-typography-secondary-text-decoration );line-height:var( --e-global-typography-secondary-line-height );color:var( --e-global-color-accent );}.elementor-4038 .elementor-element.elementor-element-6c32edb .elementor-icon-list-items:not(.elementor-inline-items) .elementor-icon-list-item:not(:last-child){padding-block-end:calc(15px\/2);}.elementor-4038 .elementor-element.elementor-element-6c32edb .elementor-icon-list-items:not(.elementor-inline-items) .elementor-icon-list-item:not(:first-child){margin-block-start:calc(15px\/2);}.elementor-4038 .elementor-element.elementor-element-6c32edb .elementor-icon-list-items.elementor-inline-items .elementor-icon-list-item{margin-inline:calc(15px\/2);}.elementor-4038 .elementor-element.elementor-element-6c32edb .elementor-icon-list-items.elementor-inline-items{margin-inline:calc(-15px\/2);}.elementor-4038 .elementor-element.elementor-element-6c32edb .elementor-icon-list-items.elementor-inline-items .elementor-icon-list-item:after{inset-inline-end:calc(-15px\/2);}.elementor-4038 .elementor-element.elementor-element-6c32edb .elementor-icon-list-icon i{color:var( --e-global-color-accent );transition:color 0.3s;}.elementor-4038 .elementor-element.elementor-element-6c32edb .elementor-icon-list-icon svg{fill:var( --e-global-color-accent );transition:fill 0.3s;}.elementor-4038 .elementor-element.elementor-element-6c32edb{--e-icon-list-icon-size:16px;--e-icon-list-icon-align:left;--e-icon-list-icon-margin:0 calc(var(--e-icon-list-icon-size, 1em) * 0.25) 0 0;--icon-vertical-align:center;--icon-vertical-offset:0px;}.elementor-4038 .elementor-element.elementor-element-6c32edb .elementor-icon-list-icon{padding-inline-end:0px;}.elementor-4038 .elementor-element.elementor-element-6c32edb .elementor-icon-list-item > .elementor-icon-list-text, .elementor-4038 .elementor-element.elementor-element-6c32edb .elementor-icon-list-item > a{font-family:var( --e-global-typography-2564b5d-font-family ), Sans-serif;font-size:var( --e-global-typography-2564b5d-font-size );font-weight:var( --e-global-typography-2564b5d-font-weight );text-decoration:var( --e-global-typography-2564b5d-text-decoration );line-height:var( --e-global-typography-2564b5d-line-height );}.elementor-4038 .elementor-element.elementor-element-6c32edb .elementor-icon-list-text{color:var( --e-global-color-accent );transition:color 0.3s;}.elementor-4038 .elementor-element.elementor-element-91bbde3{--display:flex;--margin-top:0px;--margin-bottom:0px;--margin-left:0px;--margin-right:0px;--padding-top:100px;--padding-bottom:100px;--padding-left:100px;--padding-right:100px;}.elementor-4038 .elementor-element.elementor-element-563fff7.elementor-element{--align-self:flex-start;}.elementor-4038 .elementor-element.elementor-element-563fff7{text-align:left;}:root{--page-title-display:none;}@media(min-width:768px){.elementor-4038 .elementor-element.elementor-element-47fa7108{--content-width:1290px;}}@media(min-width:1025px){.elementor-4038 .elementor-element.elementor-element-47fa7108:not(.elementor-motion-effects-element-type-background), .elementor-4038 .elementor-element.elementor-element-47fa7108 > .elementor-motion-effects-container > .elementor-motion-effects-layer{background-attachment:fixed;}}@media(max-width:1024px){.elementor-4038 .elementor-element.elementor-element-47fa7108{--margin-top:0px;--margin-bottom:0px;--margin-left:0px;--margin-right:0px;--padding-top:250px;--padding-bottom:200px;--padding-left:20px;--padding-right:20px;}.elementor-4038 .elementor-element.elementor-element-2980475 .elementor-heading-title{font-size:var( --e-global-typography-secondary-font-size );line-height:var( --e-global-typography-secondary-line-height );}.elementor-4038 .elementor-element.elementor-element-6c32edb .elementor-icon-list-item > .elementor-icon-list-text, .elementor-4038 .elementor-element.elementor-element-6c32edb .elementor-icon-list-item > a{font-size:var( --e-global-typography-2564b5d-font-size );line-height:var( --e-global-typography-2564b5d-line-height );}.elementor-4038 .elementor-element.elementor-element-91bbde3{--margin-top:0px;--margin-bottom:0px;--margin-left:0px;--margin-right:0px;--padding-top:50px;--padding-bottom:50px;--padding-left:50px;--padding-right:50px;}}@media(max-width:767px){.elementor-4038 .elementor-element.elementor-element-2980475 .elementor-heading-title{font-size:var( --e-global-typography-secondary-font-size );line-height:var( --e-global-typography-secondary-line-height );}.elementor-4038 .elementor-element.elementor-element-6c32edb .elementor-icon-list-item > .elementor-icon-list-text, .elementor-4038 .elementor-element.elementor-element-6c32edb .elementor-icon-list-item > a{font-size:var( --e-global-typography-2564b5d-font-size );line-height:var( --e-global-typography-2564b5d-line-height );}.elementor-4038 .elementor-element.elementor-element-91bbde3{--margin-top:0px;--margin-bottom:0px;--margin-left:0px;--margin-right:0px;--padding-top:20px;--padding-bottom:20px;--padding-left:20px;--padding-right:20px;}}<\/style>\t\t<div data-elementor-type=\"wp-page\" data-elementor-id=\"4038\" class=\"elementor elementor-4038\" data-elementor-post-type=\"page\">\n\t\t\t\t<div class=\"elementor-element elementor-element-47fa7108 e-flex e-con-boxed e-con e-parent\" data-id=\"47fa7108\" data-element_type=\"container\" data-settings=\"{&quot;background_background&quot;:&quot;classic&quot;}\">\n\t\t\t\t\t<div class=\"e-con-inner\">\n\t\t\t\t<div class=\"elementor-element elementor-element-2980475 elementor-widget elementor-widget-heading\" data-id=\"2980475\" data-element_type=\"widget\" data-widget_type=\"heading.default\">\n\t\t\t\t<div class=\"elementor-widget-container\">\n\t\t\t\t\t<div class=\"elementor-heading-title elementor-size-default\">\u00bfQui\u00e9nes somos?<\/div>\t\t\t\t<\/div>\n\t\t\t\t<\/div>\n\t\t\t\t<div class=\"elementor-element elementor-element-6c32edb elementor-icon-list--layout-inline elementor-align-center elementor-list-item-link-full_width elementor-widget elementor-widget-icon-list\" data-id=\"6c32edb\" data-element_type=\"widget\" data-widget_type=\"icon-list.default\">\n\t\t\t\t<div class=\"elementor-widget-container\">\n\t\t\t\t\t\t\t<ul class=\"elementor-icon-list-items elementor-inline-items\">\n\t\t\t\t\t\t\t<li class=\"elementor-icon-list-item elementor-inline-item\">\n\t\t\t\t\t\t\t\t\t\t\t<a href=\"https:\/\/www.hotelrosalesneiva.com\/\">\n\n\t\t\t\t\t\t\t\t\t\t\t<span class=\"elementor-icon-list-text\">Home<\/span>\n\t\t\t\t\t\t\t\t\t\t\t<\/a>\n\t\t\t\t\t\t\t\t\t<\/li>\n\t\t\t\t\t\t\t\t<li class=\"elementor-icon-list-item elementor-inline-item\">\n\t\t\t\t\t\t\t\t\t\t\t<span class=\"elementor-icon-list-icon\">\n\t\t\t\t\t\t\t<svg aria-hidden=\"true\" class=\"e-font-icon-svg e-fas-chevron-right\" viewBox=\"0 0 320 512\" xmlns=\"http:\/\/www.w3.org\/2000\/svg\"><path d=\"M285.476 272.971L91.132 467.314c-9.373 9.373-24.569 9.373-33.941 0l-22.667-22.667c-9.357-9.357-9.375-24.522-.04-33.901L188.505 256 34.484 101.255c-9.335-9.379-9.317-24.544.04-33.901l22.667-22.667c9.373-9.373 24.569-9.373 33.941 0L285.475 239.03c9.373 9.372 9.373 24.568.001 33.941z\"><\/path><\/svg>\t\t\t\t\t\t<\/span>\n\t\t\t\t\t\t\t\t\t\t<span class=\"elementor-icon-list-text\">\u00bfQui\u00e9nes somos?<\/span>\n\t\t\t\t\t\t\t\t\t<\/li>\n\t\t\t\t\t\t<\/ul>\n\t\t\t\t\t\t<\/div>\n\t\t\t\t<\/div>\n\t\t\t\t\t<\/div>\n\t\t\t\t<\/div>\n\t\t<div class=\"elementor-element elementor-element-91bbde3 e-flex e-con-boxed e-con e-parent\" data-id=\"91bbde3\" data-element_type=\"container\">\n\t\t\t\t\t<div class=\"e-con-inner\">\n\t\t\t\t<div class=\"elementor-element elementor-element-563fff7 elementor-widget elementor-widget-text-editor\" data-id=\"563fff7\" data-element_type=\"widget\" data-widget_type=\"text-editor.default\">\n\t\t\t\t<div class=\"elementor-widget-container\">\n\t\t\t\t\t\t\t\t\t<h2>Qui\u00e9nes somos<\/h2><p>EL HOTEL BOUTIQUE ROSALES, es un hotel salido de los esquemas, inspirado en un concepto basado en los a\u00f1os m\u00e1s marcados de nuestras \u00e9pocas con los artistas del cine que han dejado huellas imborrables en nuestra memoria, es por tal raz\u00f3n que decidimos revivir este concepto para nunca m\u00e1s dejarlo.<\/p><p>\u00a0<\/p><h2>Misi\u00f3n<\/h2><p>Superar todas las expectativas de todos nuestros clientes, yendo m\u00e1s all\u00e1 de la simple satisfacci\u00f3n con una excelente y eficaz actitud de servicio y enfocarnos en el bienestar total de todas sus necesidades y deseos, trabajaremos en conjunto con nuestro equipo de trabajo, para que cada cliente que nos visite tenga una experiencia diferente y \u00fanica.<\/p><p>Nuestros esfuerzos estar\u00e1n enfocados en una atenci\u00f3n personalizada, dependencias confiables y limpias.<\/p><p>\u00a0<\/p><h2>Visi\u00f3n<\/h2><p>A corto plazo esperamos ser una empresa estable, eficiente, segura y comprometida con la sostenibilidad y la comunidad. Se debe llegar a cumplir expectativas de nuestros hu\u00e9spedes para que se puedan llevar un recuerdo inolvidable de su estad\u00eda en nuestro Hotel.<\/p><p>\u00a0<\/p><h2>Valores<\/h2><p><strong>\u2013Respeto:<\/strong> Valoramos y reconocemos a las personas. Propiciamos el buen trato y las buenas relaciones.<\/p><p><strong>\u2013Eficiencia:<\/strong> Trabajamos buscando los mayores est\u00e1ndares de calidad y desempe\u00f1o en el servicio para contribuir con el bienestar y confort del hu\u00e9sped.<\/p><p><strong>\u2013Responsabilidad:<\/strong> Somos responsables del bienestar, tranquilidad y buen descanso de los hu\u00e9spedes por lo cual contamos con personal calificado para brindarle una experiencia inolvidable.<\/p>\t\t\t\t\t\t\t\t<\/div>\n\t\t\t\t<\/div>\n\t\t\t\t\t<\/div>\n\t\t\t\t<\/div>\n\t\t\t\t<\/div>\n\t\t","protected":false},"excerpt":{"rendered":"<p>\u00bfQui\u00e9nes somos? Home \u00bfQui\u00e9nes somos? Qui\u00e9nes somos EL HOTEL BOUTIQUE ROSALES, es un hotel salido de los esquemas, inspirado en un concepto basado en los a\u00f1os m\u00e1s marcados de nuestras \u00e9pocas con los artistas del cine que han dejado huellas imborrables en nuestra memoria, es por tal raz\u00f3n que decidimos revivir este concepto para nunca [&hellip;]<\/p>\n","protected":false},"author":4,"featured_media":0,"parent":0,"menu_order":3,"comment_status":"closed","ping_status":"closed","template":"","meta":{"footnotes":""},"class_list":["post-4038","page","type-page","status-publish","hentry"],"yoast_head":"<!-- This site is optimized with the Yoast SEO plugin v26.3 - https:\/\/yoast.com\/wordpress\/plugins\/seo\/ -->\n<title>Qui\u00e9nes somos - Hotel Rosales Boutique, Neiva (Huila)<\/title>\n<meta name=\"description\" content=\"Descubre la misi\u00f3n, visi\u00f3n y valores del Hotel Rosales Boutique en Neiva, Colombia. Atenci\u00f3n personalizada y experiencias \u00fanicas te est\u00e1n esperando.\" \/>\n<meta name=\"robots\" content=\"index, follow, max-snippet:-1, max-image-preview:large, max-video-preview:-1\" \/>\n<link rel=\"canonical\" href=\"https:\/\/www.hotelrosalesneiva.com\/es\/quienes-somos\/\" \/>\n<meta property=\"og:locale\" content=\"es_ES\" \/>\n<meta property=\"og:type\" content=\"article\" \/>\n<meta property=\"og:title\" content=\"Qui\u00e9nes somos - Hotel Rosales Boutique, Neiva (Huila)\" \/>\n<meta property=\"og:description\" content=\"Descubre la misi\u00f3n, visi\u00f3n y valores del Hotel Rosales Boutique en Neiva, Colombia. Atenci\u00f3n personalizada y experiencias \u00fanicas te est\u00e1n esperando.\" \/>\n<meta property=\"og:url\" content=\"https:\/\/www.hotelrosalesneiva.com\/es\/quienes-somos\/\" \/>\n<meta property=\"og:site_name\" content=\"Hotel Rosales Boutique\" \/>\n<meta property=\"article:modified_time\" content=\"2025-01-14T15:57:05+00:00\" \/>\n<meta property=\"og:image\" content=\"https:\/\/www.hotelrosalesneiva.com\/wp-content\/uploads\/2024\/06\/piscina-fuente-hotel-rosales-boutique-neiva-colombia-1.jpg\" \/>\n\t<meta property=\"og:image:width\" content=\"800\" \/>\n\t<meta property=\"og:image:height\" content=\"504\" \/>\n\t<meta property=\"og:image:type\" content=\"image\/jpeg\" \/>\n<meta name=\"twitter:card\" content=\"summary_large_image\" \/>\n<meta name=\"twitter:label1\" content=\"Tiempo de lectura\" \/>\n\t<meta name=\"twitter:data1\" content=\"2 minutos\" \/>\n<script type=\"application\/ld+json\" class=\"yoast-schema-graph\">{\"@context\":\"https:\/\/schema.org\",\"@graph\":[{\"@type\":\"WebPage\",\"@id\":\"https:\/\/www.hotelrosalesneiva.com\/es\/quienes-somos\/\",\"url\":\"https:\/\/www.hotelrosalesneiva.com\/es\/quienes-somos\/\",\"name\":\"Qui\u00e9nes somos - Hotel Rosales Boutique, Neiva (Huila)\",\"isPartOf\":{\"@id\":\"https:\/\/www.hotelrosalesneiva.com\/es\/#website\"},\"datePublished\":\"2024-06-13T15:22:51+00:00\",\"dateModified\":\"2025-01-14T15:57:05+00:00\",\"description\":\"Descubre la misi\u00f3n, visi\u00f3n y valores del Hotel Rosales Boutique en Neiva, Colombia. Atenci\u00f3n personalizada y experiencias \u00fanicas te est\u00e1n esperando.\",\"breadcrumb\":{\"@id\":\"https:\/\/www.hotelrosalesneiva.com\/es\/quienes-somos\/#breadcrumb\"},\"inLanguage\":\"es\",\"potentialAction\":[{\"@type\":\"ReadAction\",\"target\":[\"https:\/\/www.hotelrosalesneiva.com\/es\/quienes-somos\/\"]}]},{\"@type\":\"BreadcrumbList\",\"@id\":\"https:\/\/www.hotelrosalesneiva.com\/es\/quienes-somos\/#breadcrumb\",\"itemListElement\":[{\"@type\":\"ListItem\",\"position\":1,\"name\":\"Home\",\"item\":\"https:\/\/www.hotelrosalesneiva.com\/es\/\"},{\"@type\":\"ListItem\",\"position\":2,\"name\":\"Qui\u00e9nes somos\"}]},{\"@type\":\"WebSite\",\"@id\":\"https:\/\/www.hotelrosalesneiva.com\/es\/#website\",\"url\":\"https:\/\/www.hotelrosalesneiva.com\/es\/\",\"name\":\"Hotel Rosales Boutique\",\"description\":\"\",\"publisher\":{\"@id\":\"https:\/\/www.hotelrosalesneiva.com\/es\/#organization\"},\"potentialAction\":[{\"@type\":\"SearchAction\",\"target\":{\"@type\":\"EntryPoint\",\"urlTemplate\":\"https:\/\/www.hotelrosalesneiva.com\/es\/?s={search_term_string}\"},\"query-input\":{\"@type\":\"PropertyValueSpecification\",\"valueRequired\":true,\"valueName\":\"search_term_string\"}}],\"inLanguage\":\"es\"},{\"@type\":\"Organization\",\"@id\":\"https:\/\/www.hotelrosalesneiva.com\/es\/#organization\",\"name\":\"Hotel Rosales Boutique\",\"url\":\"https:\/\/www.hotelrosalesneiva.com\/es\/\",\"logo\":{\"@type\":\"ImageObject\",\"inLanguage\":\"es\",\"@id\":\"https:\/\/www.hotelrosalesneiva.com\/es\/#\/schema\/logo\/image\/\",\"url\":\"https:\/\/www.hotelrosalesneiva.com\/wp-content\/uploads\/2024\/02\/logo-rosales.svg\",\"contentUrl\":\"https:\/\/www.hotelrosalesneiva.com\/wp-content\/uploads\/2024\/02\/logo-rosales.svg\",\"width\":487,\"height\":351,\"caption\":\"Hotel Rosales Boutique\"},\"image\":{\"@id\":\"https:\/\/www.hotelrosalesneiva.com\/es\/#\/schema\/logo\/image\/\"}}]}<\/script>\n<!-- \/ Yoast SEO plugin. -->","yoast_head_json":{"title":"Qui\u00e9nes somos - Hotel Rosales Boutique, Neiva (Huila)","description":"Descubre la misi\u00f3n, visi\u00f3n y valores del Hotel Rosales Boutique en Neiva, Colombia. Atenci\u00f3n personalizada y experiencias \u00fanicas te est\u00e1n esperando.","robots":{"index":"index","follow":"follow","max-snippet":"max-snippet:-1","max-image-preview":"max-image-preview:large","max-video-preview":"max-video-preview:-1"},"canonical":"https:\/\/www.hotelrosalesneiva.com\/es\/quienes-somos\/","og_locale":"es_ES","og_type":"article","og_title":"Qui\u00e9nes somos - Hotel Rosales Boutique, Neiva (Huila)","og_description":"Descubre la misi\u00f3n, visi\u00f3n y valores del Hotel Rosales Boutique en Neiva, Colombia. Atenci\u00f3n personalizada y experiencias \u00fanicas te est\u00e1n esperando.","og_url":"https:\/\/www.hotelrosalesneiva.com\/es\/quienes-somos\/","og_site_name":"Hotel Rosales Boutique","article_modified_time":"2025-01-14T15:57:05+00:00","og_image":[{"width":800,"height":504,"url":"https:\/\/www.hotelrosalesneiva.com\/wp-content\/uploads\/2024\/06\/piscina-fuente-hotel-rosales-boutique-neiva-colombia-1.jpg","type":"image\/jpeg"}],"twitter_card":"summary_large_image","twitter_misc":{"Tiempo de lectura":"2 minutos"},"schema":{"@context":"https:\/\/schema.org","@graph":[{"@type":"WebPage","@id":"https:\/\/www.hotelrosalesneiva.com\/es\/quienes-somos\/","url":"https:\/\/www.hotelrosalesneiva.com\/es\/quienes-somos\/","name":"Qui\u00e9nes somos - Hotel Rosales Boutique, Neiva (Huila)","isPartOf":{"@id":"https:\/\/www.hotelrosalesneiva.com\/es\/#website"},"datePublished":"2024-06-13T15:22:51+00:00","dateModified":"2025-01-14T15:57:05+00:00","description":"Descubre la misi\u00f3n, visi\u00f3n y valores del Hotel Rosales Boutique en Neiva, Colombia. Atenci\u00f3n personalizada y experiencias \u00fanicas te est\u00e1n esperando.","breadcrumb":{"@id":"https:\/\/www.hotelrosalesneiva.com\/es\/quienes-somos\/#breadcrumb"},"inLanguage":"es","potentialAction":[{"@type":"ReadAction","target":["https:\/\/www.hotelrosalesneiva.com\/es\/quienes-somos\/"]}]},{"@type":"BreadcrumbList","@id":"https:\/\/www.hotelrosalesneiva.com\/es\/quienes-somos\/#breadcrumb","itemListElement":[{"@type":"ListItem","position":1,"name":"Home","item":"https:\/\/www.hotelrosalesneiva.com\/es\/"},{"@type":"ListItem","position":2,"name":"Qui\u00e9nes somos"}]},{"@type":"WebSite","@id":"https:\/\/www.hotelrosalesneiva.com\/es\/#website","url":"https:\/\/www.hotelrosalesneiva.com\/es\/","name":"Hotel Rosales Boutique","description":"","publisher":{"@id":"https:\/\/www.hotelrosalesneiva.com\/es\/#organization"},"potentialAction":[{"@type":"SearchAction","target":{"@type":"EntryPoint","urlTemplate":"https:\/\/www.hotelrosalesneiva.com\/es\/?s={search_term_string}"},"query-input":{"@type":"PropertyValueSpecification","valueRequired":true,"valueName":"search_term_string"}}],"inLanguage":"es"},{"@type":"Organization","@id":"https:\/\/www.hotelrosalesneiva.com\/es\/#organization","name":"Hotel Rosales Boutique","url":"https:\/\/www.hotelrosalesneiva.com\/es\/","logo":{"@type":"ImageObject","inLanguage":"es","@id":"https:\/\/www.hotelrosalesneiva.com\/es\/#\/schema\/logo\/image\/","url":"https:\/\/www.hotelrosalesneiva.com\/wp-content\/uploads\/2024\/02\/logo-rosales.svg","contentUrl":"https:\/\/www.hotelrosalesneiva.com\/wp-content\/uploads\/2024\/02\/logo-rosales.svg","width":487,"height":351,"caption":"Hotel Rosales Boutique"},"image":{"@id":"https:\/\/www.hotelrosalesneiva.com\/es\/#\/schema\/logo\/image\/"}}]}},"_links":{"self":[{"href":"https:\/\/www.hotelrosalesneiva.com\/es\/wp-json\/wp\/v2\/pages\/4038","targetHints":{"allow":["GET"]}}],"collection":[{"href":"https:\/\/www.hotelrosalesneiva.com\/es\/wp-json\/wp\/v2\/pages"}],"about":[{"href":"https:\/\/www.hotelrosalesneiva.com\/es\/wp-json\/wp\/v2\/types\/page"}],"author":[{"embeddable":true,"href":"https:\/\/www.hotelrosalesneiva.com\/es\/wp-json\/wp\/v2\/users\/4"}],"replies":[{"embeddable":true,"href":"https:\/\/www.hotelrosalesneiva.com\/es\/wp-json\/wp\/v2\/comments?post=4038"}],"version-history":[{"count":96,"href":"https:\/\/www.hotelrosalesneiva.com\/es\/wp-json\/wp\/v2\/pages\/4038\/revisions"}],"predecessor-version":[{"id":5262,"href":"https:\/\/www.hotelrosalesneiva.com\/es\/wp-json\/wp\/v2\/pages\/4038\/revisions\/5262"}],"wp:attachment":[{"href":"https:\/\/www.hotelrosalesneiva.com\/es\/wp-json\/wp\/v2\/media?parent=4038"}],"curies":[{"name":"wp","href":"https:\/\/api.w.org\/{rel}","templated":true}]}}