{"id":3085,"date":"2024-05-21T13:44:49","date_gmt":"2024-05-21T11:44:49","guid":{"rendered":"https:\/\/dev-lascumbresapart.gnahs.com\/destination\/discover-the-flavours-of-patagonia\/"},"modified":"2024-06-12T15:41:13","modified_gmt":"2024-06-12T13:41:13","slug":"discover-the-flavours-of-patagonia","status":"publish","type":"page","link":"https:\/\/www.hotelrosalesneiva.com\/en\/destination\/discover-the-flavours-of-patagonia\/","title":{"rendered":"Discover the flavours of Patagonia"},"content":{"rendered":"<p>San Martin de los Andes not only delights with its impressive landscapes, but also with a delicious and varied gastronomic offer. In this post, we&#8217;ll explore the unique flavours of Patagonia and guide you through some of the best restaurants and local dishes you can&#8217;t miss during your visit to this charming city.<\/p>\n<ul>\n<li><strong>Patagonian Trout<\/strong>: Delight yourself with one of the star dishes of the region: Patagonian trout. Fresh, tasty and perfectly prepared, trout is a delicacy that can be enjoyed in a variety of local restaurants. Whether grilled, baked or in the form of ceviche, this fish is a must in any gastronomic experience in San Mart\u00edn de los Andes.<\/li>\n<li><strong>Patagonian lamb<\/strong>: Another iconic dish of the region is Patagonian lamb. Tender, juicy and full of flavour, the lamb is slowly cooked on the grill or rotisserie, resulting in an unforgettable culinary experience. Accompanied by roast potatoes and a glass of local wine, this dish is a real treat for the palate.<\/li>\n<li><strong>Regional Products<\/strong>: Explore the local markets and discover a variety of regional products, such as artisan cheeses, homemade jams, chocolates and craft beers. These products, made with fresh, high quality ingredients, are the perfect gift to take home as a souvenir of your visit to San Martin de los Andes.<\/li>\n<li><strong>Recommended Restaurants<\/strong>: Browse the local restaurants and discover a wide variety of options to suit all tastes and budgets. From cosy bistros to elegant gourmet restaurants, San Martin de los Andes offers a culinary experience for every occasion.<\/li>\n<\/ul>\n<p>&nbsp;<\/p>\n<p>The gastronomy of San Martin de los Andes is a fundamental part of the travel experience in this charming city in the Argentinean Patagonia. With a variety of typical dishes and regional products to enjoy, don&#8217;t miss the opportunity to savour the authentic flavours of Patagonia during your visit. So get ready to delight your palate and discover all that the local gastronomy has to offer in San Mart\u00edn de los Andes.<\/p>\n<p>&nbsp;<\/p>\n<p><img fetchpriority=\"high\" decoding=\"async\" class=\"alignnone wp-image-967 size-full\" src=\"https:\/\/www.hotelrosalesneiva.com\/wp-content\/uploads\/2023\/12\/cordero-patagonico-asadp-plato-tipico-las-cumbres-apart-suites-san-martin-de-los-andes-patagonia-argentina-scaled.webp\" alt=\"Delicious dish of roast Patagonian lamb, a typical culinary speciality of the San Mart\u00edn de los Andes region.\" width=\"2560\" height=\"1437\"><\/p>\n","protected":false},"excerpt":{"rendered":"<p>San Martin de los Andes not only delights with its impressive landscapes, but also with a delicious and varied gastronomic offer. In this post, we&#8217;ll explore the unique flavours of Patagonia and guide you through some of the best restaurants and local dishes you can&#8217;t miss during your visit to this charming city. Patagonian Trout: [&hellip;]<\/p>\n","protected":false},"author":4,"featured_media":4289,"parent":615,"menu_order":3,"comment_status":"closed","ping_status":"closed","template":"","meta":{"footnotes":""},"class_list":["post-3085","page","type-page","status-publish","has-post-thumbnail","hentry"],"yoast_head":"<!-- This site is optimized with the Yoast SEO plugin v26.3 - https:\/\/yoast.com\/wordpress\/plugins\/seo\/ -->\n<title>The flavours of Patagonia - Las Cumbres Apart &amp; Suites<\/title>\n<meta name=\"description\" content=\"Discover The flavours of Patagonia on Las Cumbres Apart &amp; Suites website. Don&#039;t miss out on everything you can see and do in Argentinian Patagonia!\" \/>\n<meta name=\"robots\" content=\"index, follow, max-snippet:-1, max-image-preview:large, max-video-preview:-1\" \/>\n<link rel=\"canonical\" href=\"https:\/\/www.hotelrosalesneiva.com\/en\/destination\/discover-the-flavours-of-patagonia\/\" \/>\n<meta property=\"og:locale\" content=\"en_US\" \/>\n<meta property=\"og:type\" content=\"article\" \/>\n<meta property=\"og:title\" content=\"The flavours of Patagonia - Las Cumbres Apart &amp; Suites\" \/>\n<meta property=\"og:description\" content=\"Discover The flavours of Patagonia on Las Cumbres Apart &amp; Suites website. Don&#039;t miss out on everything you can see and do in Argentinian Patagonia!\" \/>\n<meta property=\"og:url\" content=\"https:\/\/www.hotelrosalesneiva.com\/en\/destination\/discover-the-flavours-of-patagonia\/\" \/>\n<meta property=\"og:site_name\" content=\"Hotel Rosales Boutique\" \/>\n<meta property=\"article:modified_time\" content=\"2024-06-12T13:41:13+00:00\" \/>\n<meta property=\"og:image\" content=\"https:\/\/www.hotelrosalesneiva.com\/wp-content\/uploads\/2024\/06\/desierto-tatacoa-hotel-rosales-boutique-neiva-colombia-scaled.jpeg\" \/>\n\t<meta property=\"og:image:width\" content=\"2560\" \/>\n\t<meta property=\"og:image:height\" content=\"1438\" \/>\n\t<meta property=\"og:image:type\" content=\"image\/jpeg\" \/>\n<meta name=\"twitter:card\" content=\"summary_large_image\" \/>\n<meta name=\"twitter:label1\" content=\"Est. reading time\" \/>\n\t<meta name=\"twitter:data1\" content=\"2 minutes\" \/>\n<script type=\"application\/ld+json\" class=\"yoast-schema-graph\">{\"@context\":\"https:\/\/schema.org\",\"@graph\":[{\"@type\":\"WebPage\",\"@id\":\"https:\/\/www.hotelrosalesneiva.com\/en\/destination\/discover-the-flavours-of-patagonia\/\",\"url\":\"https:\/\/www.hotelrosalesneiva.com\/en\/destination\/discover-the-flavours-of-patagonia\/\",\"name\":\"The flavours of Patagonia - Las Cumbres Apart & Suites\",\"isPartOf\":{\"@id\":\"https:\/\/www.hotelrosalesneiva.com\/en\/#website\"},\"primaryImageOfPage\":{\"@id\":\"https:\/\/www.hotelrosalesneiva.com\/en\/destination\/discover-the-flavours-of-patagonia\/#primaryimage\"},\"image\":{\"@id\":\"https:\/\/www.hotelrosalesneiva.com\/en\/destination\/discover-the-flavours-of-patagonia\/#primaryimage\"},\"thumbnailUrl\":\"https:\/\/www.hotelrosalesneiva.com\/wp-content\/uploads\/2024\/06\/desierto-tatacoa-hotel-rosales-boutique-neiva-colombia-scaled.jpeg\",\"datePublished\":\"2024-05-21T11:44:49+00:00\",\"dateModified\":\"2024-06-12T13:41:13+00:00\",\"description\":\"Discover The flavours of Patagonia on Las Cumbres Apart & Suites website. Don't miss out on everything you can see and do in Argentinian Patagonia!\",\"breadcrumb\":{\"@id\":\"https:\/\/www.hotelrosalesneiva.com\/en\/destination\/discover-the-flavours-of-patagonia\/#breadcrumb\"},\"inLanguage\":\"en-US\",\"potentialAction\":[{\"@type\":\"ReadAction\",\"target\":[\"https:\/\/www.hotelrosalesneiva.com\/en\/destination\/discover-the-flavours-of-patagonia\/\"]}]},{\"@type\":\"ImageObject\",\"inLanguage\":\"en-US\",\"@id\":\"https:\/\/www.hotelrosalesneiva.com\/en\/destination\/discover-the-flavours-of-patagonia\/#primaryimage\",\"url\":\"https:\/\/www.hotelrosalesneiva.com\/wp-content\/uploads\/2024\/06\/desierto-tatacoa-hotel-rosales-boutique-neiva-colombia-scaled.jpeg\",\"contentUrl\":\"https:\/\/www.hotelrosalesneiva.com\/wp-content\/uploads\/2024\/06\/desierto-tatacoa-hotel-rosales-boutique-neiva-colombia-scaled.jpeg\",\"width\":2560,\"height\":1438,\"caption\":\"Vista panor\u00e1mica del Desierto de la Tatacoa, un paisaje \u00e1rido con formaciones geol\u00f3gicas \u00fanicas y cielo despejado\"},{\"@type\":\"BreadcrumbList\",\"@id\":\"https:\/\/www.hotelrosalesneiva.com\/en\/destination\/discover-the-flavours-of-patagonia\/#breadcrumb\",\"itemListElement\":[{\"@type\":\"ListItem\",\"position\":1,\"name\":\"Home\",\"item\":\"https:\/\/www.hotelrosalesneiva.com\/en\/\"},{\"@type\":\"ListItem\",\"position\":2,\"name\":\"Destination\",\"item\":\"https:\/\/www.hotelrosalesneiva.com\/en\/destination\/\"},{\"@type\":\"ListItem\",\"position\":3,\"name\":\"Discover the flavours of Patagonia\"}]},{\"@type\":\"WebSite\",\"@id\":\"https:\/\/www.hotelrosalesneiva.com\/en\/#website\",\"url\":\"https:\/\/www.hotelrosalesneiva.com\/en\/\",\"name\":\"Hotel Rosales Boutique\",\"description\":\"\",\"publisher\":{\"@id\":\"https:\/\/www.hotelrosalesneiva.com\/en\/#organization\"},\"potentialAction\":[{\"@type\":\"SearchAction\",\"target\":{\"@type\":\"EntryPoint\",\"urlTemplate\":\"https:\/\/www.hotelrosalesneiva.com\/en\/?s={search_term_string}\"},\"query-input\":{\"@type\":\"PropertyValueSpecification\",\"valueRequired\":true,\"valueName\":\"search_term_string\"}}],\"inLanguage\":\"en-US\"},{\"@type\":\"Organization\",\"@id\":\"https:\/\/www.hotelrosalesneiva.com\/en\/#organization\",\"name\":\"Hotel Rosales Boutique\",\"url\":\"https:\/\/www.hotelrosalesneiva.com\/en\/\",\"logo\":{\"@type\":\"ImageObject\",\"inLanguage\":\"en-US\",\"@id\":\"https:\/\/www.hotelrosalesneiva.com\/en\/#\/schema\/logo\/image\/\",\"url\":\"https:\/\/www.hotelrosalesneiva.com\/wp-content\/uploads\/2024\/02\/logo-rosales.svg\",\"contentUrl\":\"https:\/\/www.hotelrosalesneiva.com\/wp-content\/uploads\/2024\/02\/logo-rosales.svg\",\"width\":487,\"height\":351,\"caption\":\"Hotel Rosales Boutique\"},\"image\":{\"@id\":\"https:\/\/www.hotelrosalesneiva.com\/en\/#\/schema\/logo\/image\/\"}}]}<\/script>\n<!-- \/ Yoast SEO plugin. -->","yoast_head_json":{"title":"The flavours of Patagonia - Las Cumbres Apart & Suites","description":"Discover The flavours of Patagonia on Las Cumbres Apart & Suites website. Don't miss out on everything you can see and do in Argentinian Patagonia!","robots":{"index":"index","follow":"follow","max-snippet":"max-snippet:-1","max-image-preview":"max-image-preview:large","max-video-preview":"max-video-preview:-1"},"canonical":"https:\/\/www.hotelrosalesneiva.com\/en\/destination\/discover-the-flavours-of-patagonia\/","og_locale":"en_US","og_type":"article","og_title":"The flavours of Patagonia - Las Cumbres Apart & Suites","og_description":"Discover The flavours of Patagonia on Las Cumbres Apart & Suites website. Don't miss out on everything you can see and do in Argentinian Patagonia!","og_url":"https:\/\/www.hotelrosalesneiva.com\/en\/destination\/discover-the-flavours-of-patagonia\/","og_site_name":"Hotel Rosales Boutique","article_modified_time":"2024-06-12T13:41:13+00:00","og_image":[{"width":2560,"height":1438,"url":"https:\/\/www.hotelrosalesneiva.com\/wp-content\/uploads\/2024\/06\/desierto-tatacoa-hotel-rosales-boutique-neiva-colombia-scaled.jpeg","type":"image\/jpeg"}],"twitter_card":"summary_large_image","twitter_misc":{"Est. reading time":"2 minutes"},"schema":{"@context":"https:\/\/schema.org","@graph":[{"@type":"WebPage","@id":"https:\/\/www.hotelrosalesneiva.com\/en\/destination\/discover-the-flavours-of-patagonia\/","url":"https:\/\/www.hotelrosalesneiva.com\/en\/destination\/discover-the-flavours-of-patagonia\/","name":"The flavours of Patagonia - Las Cumbres Apart & Suites","isPartOf":{"@id":"https:\/\/www.hotelrosalesneiva.com\/en\/#website"},"primaryImageOfPage":{"@id":"https:\/\/www.hotelrosalesneiva.com\/en\/destination\/discover-the-flavours-of-patagonia\/#primaryimage"},"image":{"@id":"https:\/\/www.hotelrosalesneiva.com\/en\/destination\/discover-the-flavours-of-patagonia\/#primaryimage"},"thumbnailUrl":"https:\/\/www.hotelrosalesneiva.com\/wp-content\/uploads\/2024\/06\/desierto-tatacoa-hotel-rosales-boutique-neiva-colombia-scaled.jpeg","datePublished":"2024-05-21T11:44:49+00:00","dateModified":"2024-06-12T13:41:13+00:00","description":"Discover The flavours of Patagonia on Las Cumbres Apart & Suites website. Don't miss out on everything you can see and do in Argentinian Patagonia!","breadcrumb":{"@id":"https:\/\/www.hotelrosalesneiva.com\/en\/destination\/discover-the-flavours-of-patagonia\/#breadcrumb"},"inLanguage":"en-US","potentialAction":[{"@type":"ReadAction","target":["https:\/\/www.hotelrosalesneiva.com\/en\/destination\/discover-the-flavours-of-patagonia\/"]}]},{"@type":"ImageObject","inLanguage":"en-US","@id":"https:\/\/www.hotelrosalesneiva.com\/en\/destination\/discover-the-flavours-of-patagonia\/#primaryimage","url":"https:\/\/www.hotelrosalesneiva.com\/wp-content\/uploads\/2024\/06\/desierto-tatacoa-hotel-rosales-boutique-neiva-colombia-scaled.jpeg","contentUrl":"https:\/\/www.hotelrosalesneiva.com\/wp-content\/uploads\/2024\/06\/desierto-tatacoa-hotel-rosales-boutique-neiva-colombia-scaled.jpeg","width":2560,"height":1438,"caption":"Vista panor\u00e1mica del Desierto de la Tatacoa, un paisaje \u00e1rido con formaciones geol\u00f3gicas \u00fanicas y cielo despejado"},{"@type":"BreadcrumbList","@id":"https:\/\/www.hotelrosalesneiva.com\/en\/destination\/discover-the-flavours-of-patagonia\/#breadcrumb","itemListElement":[{"@type":"ListItem","position":1,"name":"Home","item":"https:\/\/www.hotelrosalesneiva.com\/en\/"},{"@type":"ListItem","position":2,"name":"Destination","item":"https:\/\/www.hotelrosalesneiva.com\/en\/destination\/"},{"@type":"ListItem","position":3,"name":"Discover the flavours of Patagonia"}]},{"@type":"WebSite","@id":"https:\/\/www.hotelrosalesneiva.com\/en\/#website","url":"https:\/\/www.hotelrosalesneiva.com\/en\/","name":"Hotel Rosales Boutique","description":"","publisher":{"@id":"https:\/\/www.hotelrosalesneiva.com\/en\/#organization"},"potentialAction":[{"@type":"SearchAction","target":{"@type":"EntryPoint","urlTemplate":"https:\/\/www.hotelrosalesneiva.com\/en\/?s={search_term_string}"},"query-input":{"@type":"PropertyValueSpecification","valueRequired":true,"valueName":"search_term_string"}}],"inLanguage":"en-US"},{"@type":"Organization","@id":"https:\/\/www.hotelrosalesneiva.com\/en\/#organization","name":"Hotel Rosales Boutique","url":"https:\/\/www.hotelrosalesneiva.com\/en\/","logo":{"@type":"ImageObject","inLanguage":"en-US","@id":"https:\/\/www.hotelrosalesneiva.com\/en\/#\/schema\/logo\/image\/","url":"https:\/\/www.hotelrosalesneiva.com\/wp-content\/uploads\/2024\/02\/logo-rosales.svg","contentUrl":"https:\/\/www.hotelrosalesneiva.com\/wp-content\/uploads\/2024\/02\/logo-rosales.svg","width":487,"height":351,"caption":"Hotel Rosales Boutique"},"image":{"@id":"https:\/\/www.hotelrosalesneiva.com\/en\/#\/schema\/logo\/image\/"}}]}},"_links":{"self":[{"href":"https:\/\/www.hotelrosalesneiva.com\/en\/wp-json\/wp\/v2\/pages\/3085","targetHints":{"allow":["GET"]}}],"collection":[{"href":"https:\/\/www.hotelrosalesneiva.com\/en\/wp-json\/wp\/v2\/pages"}],"about":[{"href":"https:\/\/www.hotelrosalesneiva.com\/en\/wp-json\/wp\/v2\/types\/page"}],"author":[{"embeddable":true,"href":"https:\/\/www.hotelrosalesneiva.com\/en\/wp-json\/wp\/v2\/users\/4"}],"replies":[{"embeddable":true,"href":"https:\/\/www.hotelrosalesneiva.com\/en\/wp-json\/wp\/v2\/comments?post=3085"}],"version-history":[{"count":2,"href":"https:\/\/www.hotelrosalesneiva.com\/en\/wp-json\/wp\/v2\/pages\/3085\/revisions"}],"predecessor-version":[{"id":4012,"href":"https:\/\/www.hotelrosalesneiva.com\/en\/wp-json\/wp\/v2\/pages\/3085\/revisions\/4012"}],"up":[{"embeddable":true,"href":"https:\/\/www.hotelrosalesneiva.com\/en\/wp-json\/wp\/v2\/pages\/615"}],"wp:featuredmedia":[{"embeddable":true,"href":"https:\/\/www.hotelrosalesneiva.com\/en\/wp-json\/wp\/v2\/media\/4289"}],"wp:attachment":[{"href":"https:\/\/www.hotelrosalesneiva.com\/en\/wp-json\/wp\/v2\/media?parent=3085"}],"curies":[{"name":"wp","href":"https:\/\/api.w.org\/{rel}","templated":true}]}}